{"id":261,"date":"2020-08-04T10:04:43","date_gmt":"2020-08-04T08:04:43","guid":{"rendered":"https:\/\/cdvbnord.com\/?page_id=261"},"modified":"2026-04-07T10:02:24","modified_gmt":"2026-04-07T08:02:24","slug":"commission-darbitrage","status":"publish","type":"page","link":"https:\/\/cdvbnord.com\/index.php\/commission-darbitrage\/","title":{"rendered":"COMMISSION D&rsquo;ARBITRAGE"},"content":{"rendered":"\t\t<div data-elementor-type=\"wp-page\" data-elementor-id=\"261\" class=\"elementor elementor-261\" data-elementor-post-type=\"page\">\n\t\t\t\t\t\t<section class=\"elementor-section elementor-top-section elementor-element elementor-element-3d387dd elementor-section-boxed elementor-section-height-default elementor-section-height-default\" data-id=\"3d387dd\" data-element_type=\"section\" data-e-type=\"section\" data-settings=\"{&quot;animation&quot;:&quot;none&quot;}\">\n\t\t\t\t\t\t<div class=\"elementor-container elementor-column-gap-default\">\n\t\t\t\t\t<div class=\"elementor-column elementor-col-100 elementor-top-column elementor-element elementor-element-3131e9e elementor-invisible\" data-id=\"3131e9e\" data-element_type=\"column\" data-e-type=\"column\" data-settings=\"{&quot;animation&quot;:&quot;zoomIn&quot;}\">\n\t\t\t<div class=\"elementor-widget-wrap elementor-element-populated\">\n\t\t\t\t\t\t<div class=\"elementor-element elementor-element-7715a10 elementor-widget elementor-widget-heading\" data-id=\"7715a10\" data-element_type=\"widget\" data-e-type=\"widget\" data-widget_type=\"heading.default\">\n\t\t\t\t<div class=\"elementor-widget-container\">\n\t\t\t\t\t<h2 class=\"elementor-heading-title elementor-size-default\">La Commission d'arbitrage<\/h2>\t\t\t\t<\/div>\n\t\t\t\t<\/div>\n\t\t\t\t\t<\/div>\n\t\t<\/div>\n\t\t\t\t\t<\/div>\n\t\t<\/section>\n\t\t\t\t<section class=\"elementor-section elementor-top-section elementor-element elementor-element-37bbcf4 elementor-section-full_width elementor-section-stretched elementor-section-height-default elementor-section-height-default\" data-id=\"37bbcf4\" data-element_type=\"section\" data-e-type=\"section\" data-settings=\"{&quot;stretch_section&quot;:&quot;section-stretched&quot;}\">\n\t\t\t\t\t\t<div class=\"elementor-container elementor-column-gap-default\">\n\t\t\t\t\t<div class=\"elementor-column elementor-col-100 elementor-top-column elementor-element elementor-element-db4f521\" data-id=\"db4f521\" data-element_type=\"column\" data-e-type=\"column\">\n\t\t\t<div class=\"elementor-widget-wrap elementor-element-populated\">\n\t\t\t\t\t\t<div class=\"elementor-element elementor-element-c628852 elementor-view-stacked elementor-shape-circle elementor-widget elementor-widget-icon\" data-id=\"c628852\" data-element_type=\"widget\" data-e-type=\"widget\" data-widget_type=\"icon.default\">\n\t\t\t\t<div class=\"elementor-widget-container\">\n\t\t\t\t\t\t\t<div class=\"elementor-icon-wrapper\">\n\t\t\t<a class=\"elementor-icon\" href=\"https:\/\/cdvbnord.com\/wp-content\/uploads\/2026\/04\/COMMUNIQUE-COMMISSION-ARBITRAGE-34.pdf\">\n\t\t\t<i aria-hidden=\"true\" class=\"fas fa-folder-open\"><\/i>\t\t\t<\/a>\n\t\t<\/div>\n\t\t\t\t\t\t<\/div>\n\t\t\t\t<\/div>\n\t\t\t\t<div class=\"elementor-element elementor-element-9a0f054 elementor-widget elementor-widget-heading\" data-id=\"9a0f054\" data-element_type=\"widget\" data-e-type=\"widget\" data-widget_type=\"heading.default\">\n\t\t\t\t<div class=\"elementor-widget-container\">\n\t\t\t\t\t<h2 class=\"elementor-heading-title elementor-size-small\">T\u00e9l\u00e9charger le dernier communiqu\u00e9<\/h2>\t\t\t\t<\/div>\n\t\t\t\t<\/div>\n\t\t\t\t\t<\/div>\n\t\t<\/div>\n\t\t\t\t\t<\/div>\n\t\t<\/section>\n\t\t\t\t<section class=\"elementor-section elementor-top-section elementor-element elementor-element-b522576 elementor-section-full_width elementor-section-stretched elementor-hidden-phone elementor-section-height-default elementor-section-height-default\" data-id=\"b522576\" data-element_type=\"section\" data-e-type=\"section\" data-settings=\"{&quot;stretch_section&quot;:&quot;section-stretched&quot;}\">\n\t\t\t\t\t\t<div class=\"elementor-container elementor-column-gap-default\">\n\t\t\t\t\t<div class=\"elementor-column elementor-col-20 elementor-top-column elementor-element elementor-element-28d3bc8\" data-id=\"28d3bc8\" data-element_type=\"column\" data-e-type=\"column\">\n\t\t\t<div class=\"elementor-widget-wrap elementor-element-populated\">\n\t\t\t\t\t\t<div class=\"elementor-element elementor-element-5081711 elementor-widget elementor-widget-image\" data-id=\"5081711\" data-element_type=\"widget\" data-e-type=\"widget\" data-widget_type=\"image.default\">\n\t\t\t\t<div class=\"elementor-widget-container\">\n\t\t\t\t\t\t\t\t\t\t\t\t\t\t\t\t<a href=\"https:\/\/www.agencedusport.fr\/\" target=\"_blank\">\n\t\t\t\t\t\t\t<img fetchpriority=\"high\" decoding=\"async\" width=\"300\" height=\"168\" src=\"https:\/\/cdvbnord.com\/wp-content\/uploads\/2020\/08\/ANS-2-300x168.jpg\" class=\"attachment-medium size-medium wp-image-133\" alt=\"\" srcset=\"https:\/\/cdvbnord.com\/wp-content\/uploads\/2020\/08\/ANS-2-300x168.jpg 300w, https:\/\/cdvbnord.com\/wp-content\/uploads\/2020\/08\/ANS-2.jpg 500w\" sizes=\"(max-width: 300px) 100vw, 300px\" \/>\t\t\t\t\t\t\t\t<\/a>\n\t\t\t\t\t\t\t\t\t\t\t\t\t\t\t<\/div>\n\t\t\t\t<\/div>\n\t\t\t\t\t<\/div>\n\t\t<\/div>\n\t\t\t\t<div class=\"elementor-column elementor-col-20 elementor-top-column elementor-element elementor-element-216b40d\" data-id=\"216b40d\" data-element_type=\"column\" data-e-type=\"column\">\n\t\t\t<div class=\"elementor-widget-wrap elementor-element-populated\">\n\t\t\t\t\t\t<div class=\"elementor-element elementor-element-8c3718a elementor-widget elementor-widget-image\" data-id=\"8c3718a\" data-element_type=\"widget\" data-e-type=\"widget\" data-widget_type=\"image.default\">\n\t\t\t\t<div class=\"elementor-widget-container\">\n\t\t\t\t\t\t\t\t\t\t\t\t\t\t\t\t<a href=\"http:\/\/www1.ac-lille.fr\/\" target=\"_blank\">\n\t\t\t\t\t\t\t<img decoding=\"async\" width=\"300\" height=\"168\" src=\"https:\/\/cdvbnord.com\/wp-content\/uploads\/2020\/08\/academe-300x168.png\" class=\"attachment-medium size-medium wp-image-132\" alt=\"\" srcset=\"https:\/\/cdvbnord.com\/wp-content\/uploads\/2020\/08\/academe-300x168.png 300w, https:\/\/cdvbnord.com\/wp-content\/uploads\/2020\/08\/academe.png 500w\" sizes=\"(max-width: 300px) 100vw, 300px\" \/>\t\t\t\t\t\t\t\t<\/a>\n\t\t\t\t\t\t\t\t\t\t\t\t\t\t\t<\/div>\n\t\t\t\t<\/div>\n\t\t\t\t\t<\/div>\n\t\t<\/div>\n\t\t\t\t<div class=\"elementor-column elementor-col-20 elementor-top-column elementor-element elementor-element-f35f22d\" data-id=\"f35f22d\" data-element_type=\"column\" data-e-type=\"column\">\n\t\t\t<div class=\"elementor-widget-wrap elementor-element-populated\">\n\t\t\t\t\t\t<div class=\"elementor-element elementor-element-4d55ccb elementor-widget elementor-widget-image\" data-id=\"4d55ccb\" data-element_type=\"widget\" data-e-type=\"widget\" data-widget_type=\"image.default\">\n\t\t\t\t<div class=\"elementor-widget-container\">\n\t\t\t\t\t\t\t\t\t\t\t\t\t\t\t\t<a href=\"https:\/\/unss.org\/\" target=\"_blank\">\n\t\t\t\t\t\t\t<img decoding=\"async\" width=\"300\" height=\"168\" src=\"https:\/\/cdvbnord.com\/wp-content\/uploads\/2020\/08\/unss-300x168.png\" class=\"attachment-medium size-medium wp-image-142\" alt=\"\" srcset=\"https:\/\/cdvbnord.com\/wp-content\/uploads\/2020\/08\/unss-300x168.png 300w, https:\/\/cdvbnord.com\/wp-content\/uploads\/2020\/08\/unss.png 500w\" sizes=\"(max-width: 300px) 100vw, 300px\" \/>\t\t\t\t\t\t\t\t<\/a>\n\t\t\t\t\t\t\t\t\t\t\t\t\t\t\t<\/div>\n\t\t\t\t<\/div>\n\t\t\t\t\t<\/div>\n\t\t<\/div>\n\t\t\t\t<div class=\"elementor-column elementor-col-20 elementor-top-column elementor-element elementor-element-5e722b0\" data-id=\"5e722b0\" data-element_type=\"column\" data-e-type=\"column\">\n\t\t\t<div class=\"elementor-widget-wrap elementor-element-populated\">\n\t\t\t\t\t\t<div class=\"elementor-element elementor-element-8770adf elementor-widget elementor-widget-image\" data-id=\"8770adf\" data-element_type=\"widget\" data-e-type=\"widget\" data-widget_type=\"image.default\">\n\t\t\t\t<div class=\"elementor-widget-container\">\n\t\t\t\t\t\t\t\t\t\t\t\t\t\t\t\t<a href=\"https:\/\/www.ugsel.org\/\" target=\"_blank\">\n\t\t\t\t\t\t\t<img loading=\"lazy\" decoding=\"async\" width=\"300\" height=\"168\" src=\"https:\/\/cdvbnord.com\/wp-content\/uploads\/2020\/08\/ug-1-300x168.png\" class=\"attachment-medium size-medium wp-image-141\" alt=\"\" srcset=\"https:\/\/cdvbnord.com\/wp-content\/uploads\/2020\/08\/ug-1-300x168.png 300w, https:\/\/cdvbnord.com\/wp-content\/uploads\/2020\/08\/ug-1.png 500w\" sizes=\"(max-width: 300px) 100vw, 300px\" \/>\t\t\t\t\t\t\t\t<\/a>\n\t\t\t\t\t\t\t\t\t\t\t\t\t\t\t<\/div>\n\t\t\t\t<\/div>\n\t\t\t\t\t<\/div>\n\t\t<\/div>\n\t\t\t\t<div class=\"elementor-column elementor-col-20 elementor-top-column elementor-element elementor-element-f7f650b\" data-id=\"f7f650b\" data-element_type=\"column\" data-e-type=\"column\">\n\t\t\t<div class=\"elementor-widget-wrap elementor-element-populated\">\n\t\t\t\t\t\t<div class=\"elementor-element elementor-element-02f52f6 elementor-widget elementor-widget-image\" data-id=\"02f52f6\" data-element_type=\"widget\" data-e-type=\"widget\" data-widget_type=\"image.default\">\n\t\t\t\t<div class=\"elementor-widget-container\">\n\t\t\t\t\t\t\t\t\t\t\t\t\t\t\t\t<a href=\"https:\/\/usep.ligue59.org\/\">\n\t\t\t\t\t\t\t<img loading=\"lazy\" decoding=\"async\" width=\"150\" height=\"150\" src=\"https:\/\/cdvbnord.com\/wp-content\/uploads\/2020\/09\/LOGO-USEP59-grand-150x150.png\" class=\"attachment-thumbnail size-thumbnail wp-image-563\" alt=\"\" \/>\t\t\t\t\t\t\t\t<\/a>\n\t\t\t\t\t\t\t\t\t\t\t\t\t\t\t<\/div>\n\t\t\t\t<\/div>\n\t\t\t\t\t<\/div>\n\t\t<\/div>\n\t\t\t\t\t<\/div>\n\t\t<\/section>\n\t\t\t\t<\/div>\n\t\t","protected":false},"excerpt":{"rendered":"<p>La Commission d&rsquo;arbitrage T\u00e9l\u00e9charger le dernier communiqu\u00e9<\/p>\n","protected":false},"author":1,"featured_media":100,"parent":0,"menu_order":0,"comment_status":"closed","ping_status":"closed","template":"","meta":{"_monsterinsights_skip_tracking":false,"_monsterinsights_sitenote_active":false,"_monsterinsights_sitenote_note":"","_monsterinsights_sitenote_category":0,"footnotes":""},"class_list":["post-261","page","type-page","status-publish","has-post-thumbnail","hentry"],"yoast_head":"<!-- This site is optimized with the Yoast SEO plugin v27.3 - https:\/\/yoast.com\/product\/yoast-seo-wordpress\/ -->\n<title>COMMISSION D&#039;ARBITRAGE - Comit\u00e9 D\u00e9partemental Volley-Ball<\/title>\n<meta name=\"description\" content=\"Retrouvez toutes les commissions d&#039;arbitrages\" \/>\n<meta name=\"robots\" content=\"index, follow, max-snippet:-1, max-image-preview:large, max-video-preview:-1\" \/>\n<link rel=\"canonical\" href=\"https:\/\/cdvbnord.com\/index.php\/commission-darbitrage\/\" \/>\n<meta property=\"og:locale\" content=\"fr_FR\" \/>\n<meta property=\"og:type\" content=\"article\" \/>\n<meta property=\"og:title\" content=\"COMMISSION D&#039;ARBITRAGE - Comit\u00e9 D\u00e9partemental Volley-Ball\" \/>\n<meta property=\"og:description\" content=\"Retrouvez toutes les commissions d&#039;arbitrages\" \/>\n<meta property=\"og:url\" content=\"https:\/\/cdvbnord.com\/index.php\/commission-darbitrage\/\" \/>\n<meta property=\"og:site_name\" content=\"Comit\u00e9 D\u00e9partemental Volley-Ball\" \/>\n<meta property=\"article:publisher\" content=\"https:\/\/www.facebook.com\/CDVBNord\/\" \/>\n<meta property=\"article:modified_time\" content=\"2026-04-07T08:02:24+00:00\" \/>\n<meta property=\"og:image\" content=\"https:\/\/cdvbnord.com\/wp-content\/uploads\/2020\/08\/pixabay-volleyball-stock-photo-crop.jpg\" \/>\n\t<meta property=\"og:image:width\" content=\"1200\" \/>\n\t<meta property=\"og:image:height\" content=\"675\" \/>\n\t<meta property=\"og:image:type\" content=\"image\/jpeg\" \/>\n<meta name=\"twitter:card\" content=\"summary_large_image\" \/>\n<meta name=\"twitter:label1\" content=\"Dur\u00e9e de lecture estim\u00e9e\" \/>\n\t<meta name=\"twitter:data1\" content=\"2 minutes\" \/>\n<script type=\"application\/ld+json\" class=\"yoast-schema-graph\">{\"@context\":\"https:\\\/\\\/schema.org\",\"@graph\":[{\"@type\":\"WebPage\",\"@id\":\"https:\\\/\\\/cdvbnord.com\\\/index.php\\\/commission-darbitrage\\\/\",\"url\":\"https:\\\/\\\/cdvbnord.com\\\/index.php\\\/commission-darbitrage\\\/\",\"name\":\"COMMISSION D'ARBITRAGE - Comit\u00e9 D\u00e9partemental Volley-Ball\",\"isPartOf\":{\"@id\":\"https:\\\/\\\/cdvbnord.com\\\/#website\"},\"primaryImageOfPage\":{\"@id\":\"https:\\\/\\\/cdvbnord.com\\\/index.php\\\/commission-darbitrage\\\/#primaryimage\"},\"image\":{\"@id\":\"https:\\\/\\\/cdvbnord.com\\\/index.php\\\/commission-darbitrage\\\/#primaryimage\"},\"thumbnailUrl\":\"https:\\\/\\\/cdvbnord.com\\\/wp-content\\\/uploads\\\/2020\\\/08\\\/pixabay-volleyball-stock-photo-crop.jpg\",\"datePublished\":\"2020-08-04T08:04:43+00:00\",\"dateModified\":\"2026-04-07T08:02:24+00:00\",\"description\":\"Retrouvez toutes les commissions d'arbitrages\",\"breadcrumb\":{\"@id\":\"https:\\\/\\\/cdvbnord.com\\\/index.php\\\/commission-darbitrage\\\/#breadcrumb\"},\"inLanguage\":\"fr-FR\",\"potentialAction\":[{\"@type\":\"ReadAction\",\"target\":[\"https:\\\/\\\/cdvbnord.com\\\/index.php\\\/commission-darbitrage\\\/\"]}]},{\"@type\":\"ImageObject\",\"inLanguage\":\"fr-FR\",\"@id\":\"https:\\\/\\\/cdvbnord.com\\\/index.php\\\/commission-darbitrage\\\/#primaryimage\",\"url\":\"https:\\\/\\\/cdvbnord.com\\\/wp-content\\\/uploads\\\/2020\\\/08\\\/pixabay-volleyball-stock-photo-crop.jpg\",\"contentUrl\":\"https:\\\/\\\/cdvbnord.com\\\/wp-content\\\/uploads\\\/2020\\\/08\\\/pixabay-volleyball-stock-photo-crop.jpg\",\"width\":1200,\"height\":675},{\"@type\":\"BreadcrumbList\",\"@id\":\"https:\\\/\\\/cdvbnord.com\\\/index.php\\\/commission-darbitrage\\\/#breadcrumb\",\"itemListElement\":[{\"@type\":\"ListItem\",\"position\":1,\"name\":\"Accueil\",\"item\":\"https:\\\/\\\/cdvbnord.com\\\/\"},{\"@type\":\"ListItem\",\"position\":2,\"name\":\"COMMISSION D&rsquo;ARBITRAGE\"}]},{\"@type\":\"WebSite\",\"@id\":\"https:\\\/\\\/cdvbnord.com\\\/#website\",\"url\":\"https:\\\/\\\/cdvbnord.com\\\/\",\"name\":\"Comit\u00e9 D\u00e9partemental Volley-Ball\",\"description\":\"Un site utilisant WordPress\",\"publisher\":{\"@id\":\"https:\\\/\\\/cdvbnord.com\\\/#organization\"},\"potentialAction\":[{\"@type\":\"SearchAction\",\"target\":{\"@type\":\"EntryPoint\",\"urlTemplate\":\"https:\\\/\\\/cdvbnord.com\\\/?s={search_term_string}\"},\"query-input\":{\"@type\":\"PropertyValueSpecification\",\"valueRequired\":true,\"valueName\":\"search_term_string\"}}],\"inLanguage\":\"fr-FR\"},{\"@type\":\"Organization\",\"@id\":\"https:\\\/\\\/cdvbnord.com\\\/#organization\",\"name\":\"Comit\u00e9 D\u00e9partemental Volley-Ball\",\"url\":\"https:\\\/\\\/cdvbnord.com\\\/\",\"logo\":{\"@type\":\"ImageObject\",\"inLanguage\":\"fr-FR\",\"@id\":\"https:\\\/\\\/cdvbnord.com\\\/#\\\/schema\\\/logo\\\/image\\\/\",\"url\":\"https:\\\/\\\/cdvbnord.com\\\/wp-content\\\/uploads\\\/2021\\\/04\\\/cropped-image003-1.png\",\"contentUrl\":\"https:\\\/\\\/cdvbnord.com\\\/wp-content\\\/uploads\\\/2021\\\/04\\\/cropped-image003-1.png\",\"width\":768,\"height\":567,\"caption\":\"Comit\u00e9 D\u00e9partemental Volley-Ball\"},\"image\":{\"@id\":\"https:\\\/\\\/cdvbnord.com\\\/#\\\/schema\\\/logo\\\/image\\\/\"},\"sameAs\":[\"https:\\\/\\\/www.facebook.com\\\/CDVBNord\\\/\"]}]}<\/script>\n<!-- \/ Yoast SEO plugin. -->","yoast_head_json":{"title":"COMMISSION D'ARBITRAGE - Comit\u00e9 D\u00e9partemental Volley-Ball","description":"Retrouvez toutes les commissions d'arbitrages","robots":{"index":"index","follow":"follow","max-snippet":"max-snippet:-1","max-image-preview":"max-image-preview:large","max-video-preview":"max-video-preview:-1"},"canonical":"https:\/\/cdvbnord.com\/index.php\/commission-darbitrage\/","og_locale":"fr_FR","og_type":"article","og_title":"COMMISSION D'ARBITRAGE - Comit\u00e9 D\u00e9partemental Volley-Ball","og_description":"Retrouvez toutes les commissions d'arbitrages","og_url":"https:\/\/cdvbnord.com\/index.php\/commission-darbitrage\/","og_site_name":"Comit\u00e9 D\u00e9partemental Volley-Ball","article_publisher":"https:\/\/www.facebook.com\/CDVBNord\/","article_modified_time":"2026-04-07T08:02:24+00:00","og_image":[{"width":1200,"height":675,"url":"https:\/\/cdvbnord.com\/wp-content\/uploads\/2020\/08\/pixabay-volleyball-stock-photo-crop.jpg","type":"image\/jpeg"}],"twitter_card":"summary_large_image","twitter_misc":{"Dur\u00e9e de lecture estim\u00e9e":"2 minutes"},"schema":{"@context":"https:\/\/schema.org","@graph":[{"@type":"WebPage","@id":"https:\/\/cdvbnord.com\/index.php\/commission-darbitrage\/","url":"https:\/\/cdvbnord.com\/index.php\/commission-darbitrage\/","name":"COMMISSION D'ARBITRAGE - Comit\u00e9 D\u00e9partemental Volley-Ball","isPartOf":{"@id":"https:\/\/cdvbnord.com\/#website"},"primaryImageOfPage":{"@id":"https:\/\/cdvbnord.com\/index.php\/commission-darbitrage\/#primaryimage"},"image":{"@id":"https:\/\/cdvbnord.com\/index.php\/commission-darbitrage\/#primaryimage"},"thumbnailUrl":"https:\/\/cdvbnord.com\/wp-content\/uploads\/2020\/08\/pixabay-volleyball-stock-photo-crop.jpg","datePublished":"2020-08-04T08:04:43+00:00","dateModified":"2026-04-07T08:02:24+00:00","description":"Retrouvez toutes les commissions d'arbitrages","breadcrumb":{"@id":"https:\/\/cdvbnord.com\/index.php\/commission-darbitrage\/#breadcrumb"},"inLanguage":"fr-FR","potentialAction":[{"@type":"ReadAction","target":["https:\/\/cdvbnord.com\/index.php\/commission-darbitrage\/"]}]},{"@type":"ImageObject","inLanguage":"fr-FR","@id":"https:\/\/cdvbnord.com\/index.php\/commission-darbitrage\/#primaryimage","url":"https:\/\/cdvbnord.com\/wp-content\/uploads\/2020\/08\/pixabay-volleyball-stock-photo-crop.jpg","contentUrl":"https:\/\/cdvbnord.com\/wp-content\/uploads\/2020\/08\/pixabay-volleyball-stock-photo-crop.jpg","width":1200,"height":675},{"@type":"BreadcrumbList","@id":"https:\/\/cdvbnord.com\/index.php\/commission-darbitrage\/#breadcrumb","itemListElement":[{"@type":"ListItem","position":1,"name":"Accueil","item":"https:\/\/cdvbnord.com\/"},{"@type":"ListItem","position":2,"name":"COMMISSION D&rsquo;ARBITRAGE"}]},{"@type":"WebSite","@id":"https:\/\/cdvbnord.com\/#website","url":"https:\/\/cdvbnord.com\/","name":"Comit\u00e9 D\u00e9partemental Volley-Ball","description":"Un site utilisant WordPress","publisher":{"@id":"https:\/\/cdvbnord.com\/#organization"},"potentialAction":[{"@type":"SearchAction","target":{"@type":"EntryPoint","urlTemplate":"https:\/\/cdvbnord.com\/?s={search_term_string}"},"query-input":{"@type":"PropertyValueSpecification","valueRequired":true,"valueName":"search_term_string"}}],"inLanguage":"fr-FR"},{"@type":"Organization","@id":"https:\/\/cdvbnord.com\/#organization","name":"Comit\u00e9 D\u00e9partemental Volley-Ball","url":"https:\/\/cdvbnord.com\/","logo":{"@type":"ImageObject","inLanguage":"fr-FR","@id":"https:\/\/cdvbnord.com\/#\/schema\/logo\/image\/","url":"https:\/\/cdvbnord.com\/wp-content\/uploads\/2021\/04\/cropped-image003-1.png","contentUrl":"https:\/\/cdvbnord.com\/wp-content\/uploads\/2021\/04\/cropped-image003-1.png","width":768,"height":567,"caption":"Comit\u00e9 D\u00e9partemental Volley-Ball"},"image":{"@id":"https:\/\/cdvbnord.com\/#\/schema\/logo\/image\/"},"sameAs":["https:\/\/www.facebook.com\/CDVBNord\/"]}]}},"_links":{"self":[{"href":"https:\/\/cdvbnord.com\/index.php\/wp-json\/wp\/v2\/pages\/261","targetHints":{"allow":["GET"]}}],"collection":[{"href":"https:\/\/cdvbnord.com\/index.php\/wp-json\/wp\/v2\/pages"}],"about":[{"href":"https:\/\/cdvbnord.com\/index.php\/wp-json\/wp\/v2\/types\/page"}],"author":[{"embeddable":true,"href":"https:\/\/cdvbnord.com\/index.php\/wp-json\/wp\/v2\/users\/1"}],"replies":[{"embeddable":true,"href":"https:\/\/cdvbnord.com\/index.php\/wp-json\/wp\/v2\/comments?post=261"}],"version-history":[{"count":526,"href":"https:\/\/cdvbnord.com\/index.php\/wp-json\/wp\/v2\/pages\/261\/revisions"}],"predecessor-version":[{"id":5851,"href":"https:\/\/cdvbnord.com\/index.php\/wp-json\/wp\/v2\/pages\/261\/revisions\/5851"}],"wp:featuredmedia":[{"embeddable":true,"href":"https:\/\/cdvbnord.com\/index.php\/wp-json\/wp\/v2\/media\/100"}],"wp:attachment":[{"href":"https:\/\/cdvbnord.com\/index.php\/wp-json\/wp\/v2\/media?parent=261"}],"curies":[{"name":"wp","href":"https:\/\/api.w.org\/{rel}","templated":true}]}}