{"id":797,"date":"2020-10-29T10:53:39","date_gmt":"2020-10-29T09:53:39","guid":{"rendered":"https:\/\/cdvbnord.com\/?page_id=797"},"modified":"2021-02-16T10:13:57","modified_gmt":"2021-02-16T09:13:57","slug":"volley-sante","status":"publish","type":"page","link":"https:\/\/cdvbnord.com\/index.php\/volley-sante\/","title":{"rendered":"VOLLEY SANT\u00c9"},"content":{"rendered":"\t\t<div data-elementor-type=\"wp-page\" data-elementor-id=\"797\" class=\"elementor elementor-797\" data-elementor-post-type=\"page\">\n\t\t\t\t\t\t<section class=\"elementor-section elementor-top-section elementor-element elementor-element-fb261f2 elementor-section-boxed elementor-section-height-default elementor-section-height-default\" data-id=\"fb261f2\" data-element_type=\"section\" data-e-type=\"section\">\n\t\t\t\t\t\t<div class=\"elementor-container elementor-column-gap-default\">\n\t\t\t\t\t<div class=\"elementor-column elementor-col-100 elementor-top-column elementor-element elementor-element-62c3d24\" data-id=\"62c3d24\" data-element_type=\"column\" data-e-type=\"column\">\n\t\t\t<div class=\"elementor-widget-wrap elementor-element-populated\">\n\t\t\t\t\t\t<div class=\"elementor-element elementor-element-c0e598b elementor-widget elementor-widget-image\" data-id=\"c0e598b\" data-element_type=\"widget\" data-e-type=\"widget\" data-widget_type=\"image.default\">\n\t\t\t\t<div class=\"elementor-widget-container\">\n\t\t\t\t\t\t\t\t\t\t\t\t\t\t\t<img fetchpriority=\"high\" decoding=\"async\" width=\"768\" height=\"675\" src=\"https:\/\/cdvbnord.com\/wp-content\/uploads\/2020\/10\/FFVB-Volley-Sante\u0301-768x675.jpg\" class=\"attachment-medium_large size-medium_large wp-image-799\" alt=\"\" srcset=\"https:\/\/cdvbnord.com\/wp-content\/uploads\/2020\/10\/FFVB-Volley-Sante\u0301-768x675.jpg 768w, https:\/\/cdvbnord.com\/wp-content\/uploads\/2020\/10\/FFVB-Volley-Sante\u0301-300x264.jpg 300w, https:\/\/cdvbnord.com\/wp-content\/uploads\/2020\/10\/FFVB-Volley-Sante\u0301-1024x899.jpg 1024w, https:\/\/cdvbnord.com\/wp-content\/uploads\/2020\/10\/FFVB-Volley-Sante\u0301.jpg 1200w\" sizes=\"(max-width: 768px) 100vw, 768px\" \/>\t\t\t\t\t\t\t\t\t\t\t\t\t\t\t<\/div>\n\t\t\t\t<\/div>\n\t\t\t\t\t<\/div>\n\t\t<\/div>\n\t\t\t\t\t<\/div>\n\t\t<\/section>\n\t\t\t\t<\/div>\n\t\t","protected":false},"excerpt":{"rendered":"","protected":false},"author":1,"featured_media":0,"parent":0,"menu_order":0,"comment_status":"closed","ping_status":"closed","template":"","meta":{"_monsterinsights_skip_tracking":false,"_monsterinsights_sitenote_active":false,"_monsterinsights_sitenote_note":"","_monsterinsights_sitenote_category":0,"footnotes":""},"class_list":["post-797","page","type-page","status-publish","hentry"],"yoast_head":"<!-- This site is optimized with the Yoast SEO plugin v27.4 - https:\/\/yoast.com\/product\/yoast-seo-wordpress\/ -->\n<title>VOLLEY SANT\u00c9 - Comit\u00e9 D\u00e9partemental Volley-Ball<\/title>\n<meta name=\"robots\" content=\"index, follow, max-snippet:-1, max-image-preview:large, max-video-preview:-1\" \/>\n<link rel=\"canonical\" href=\"https:\/\/cdvbnord.com\/index.php\/volley-sante\/\" \/>\n<meta property=\"og:locale\" content=\"fr_FR\" \/>\n<meta property=\"og:type\" content=\"article\" \/>\n<meta property=\"og:title\" content=\"VOLLEY SANT\u00c9 - Comit\u00e9 D\u00e9partemental Volley-Ball\" \/>\n<meta property=\"og:url\" content=\"https:\/\/cdvbnord.com\/index.php\/volley-sante\/\" \/>\n<meta property=\"og:site_name\" content=\"Comit\u00e9 D\u00e9partemental Volley-Ball\" \/>\n<meta property=\"article:publisher\" content=\"https:\/\/www.facebook.com\/CDVBNord\/\" \/>\n<meta property=\"article:modified_time\" content=\"2021-02-16T09:13:57+00:00\" \/>\n<meta property=\"og:image\" content=\"https:\/\/cdvbnord.com\/wp-content\/uploads\/2020\/10\/FFVB-Volley-Sante\u0301-768x675.jpg\" \/>\n<meta name=\"twitter:card\" content=\"summary_large_image\" \/>\n<meta name=\"twitter:label1\" content=\"Dur\u00e9e de lecture estim\u00e9e\" \/>\n\t<meta name=\"twitter:data1\" content=\"1 minute\" \/>\n<script type=\"application\/ld+json\" class=\"yoast-schema-graph\">{\"@context\":\"https:\\\/\\\/schema.org\",\"@graph\":[{\"@type\":\"WebPage\",\"@id\":\"https:\\\/\\\/cdvbnord.com\\\/index.php\\\/volley-sante\\\/\",\"url\":\"https:\\\/\\\/cdvbnord.com\\\/index.php\\\/volley-sante\\\/\",\"name\":\"VOLLEY SANT\u00c9 - Comit\u00e9 D\u00e9partemental Volley-Ball\",\"isPartOf\":{\"@id\":\"https:\\\/\\\/cdvbnord.com\\\/#website\"},\"datePublished\":\"2020-10-29T09:53:39+00:00\",\"dateModified\":\"2021-02-16T09:13:57+00:00\",\"breadcrumb\":{\"@id\":\"https:\\\/\\\/cdvbnord.com\\\/index.php\\\/volley-sante\\\/#breadcrumb\"},\"inLanguage\":\"fr-FR\",\"potentialAction\":[{\"@type\":\"ReadAction\",\"target\":[\"https:\\\/\\\/cdvbnord.com\\\/index.php\\\/volley-sante\\\/\"]}]},{\"@type\":\"BreadcrumbList\",\"@id\":\"https:\\\/\\\/cdvbnord.com\\\/index.php\\\/volley-sante\\\/#breadcrumb\",\"itemListElement\":[{\"@type\":\"ListItem\",\"position\":1,\"name\":\"Accueil\",\"item\":\"https:\\\/\\\/cdvbnord.com\\\/\"},{\"@type\":\"ListItem\",\"position\":2,\"name\":\"VOLLEY SANT\u00c9\"}]},{\"@type\":\"WebSite\",\"@id\":\"https:\\\/\\\/cdvbnord.com\\\/#website\",\"url\":\"https:\\\/\\\/cdvbnord.com\\\/\",\"name\":\"Comit\u00e9 D\u00e9partemental Volley-Ball\",\"description\":\"Un site utilisant WordPress\",\"publisher\":{\"@id\":\"https:\\\/\\\/cdvbnord.com\\\/#organization\"},\"potentialAction\":[{\"@type\":\"SearchAction\",\"target\":{\"@type\":\"EntryPoint\",\"urlTemplate\":\"https:\\\/\\\/cdvbnord.com\\\/?s={search_term_string}\"},\"query-input\":{\"@type\":\"PropertyValueSpecification\",\"valueRequired\":true,\"valueName\":\"search_term_string\"}}],\"inLanguage\":\"fr-FR\"},{\"@type\":\"Organization\",\"@id\":\"https:\\\/\\\/cdvbnord.com\\\/#organization\",\"name\":\"Comit\u00e9 D\u00e9partemental Volley-Ball\",\"url\":\"https:\\\/\\\/cdvbnord.com\\\/\",\"logo\":{\"@type\":\"ImageObject\",\"inLanguage\":\"fr-FR\",\"@id\":\"https:\\\/\\\/cdvbnord.com\\\/#\\\/schema\\\/logo\\\/image\\\/\",\"url\":\"https:\\\/\\\/cdvbnord.com\\\/wp-content\\\/uploads\\\/2021\\\/04\\\/cropped-image003-1.png\",\"contentUrl\":\"https:\\\/\\\/cdvbnord.com\\\/wp-content\\\/uploads\\\/2021\\\/04\\\/cropped-image003-1.png\",\"width\":768,\"height\":567,\"caption\":\"Comit\u00e9 D\u00e9partemental Volley-Ball\"},\"image\":{\"@id\":\"https:\\\/\\\/cdvbnord.com\\\/#\\\/schema\\\/logo\\\/image\\\/\"},\"sameAs\":[\"https:\\\/\\\/www.facebook.com\\\/CDVBNord\\\/\"]}]}<\/script>\n<!-- \/ Yoast SEO plugin. -->","yoast_head_json":{"title":"VOLLEY SANT\u00c9 - Comit\u00e9 D\u00e9partemental Volley-Ball","robots":{"index":"index","follow":"follow","max-snippet":"max-snippet:-1","max-image-preview":"max-image-preview:large","max-video-preview":"max-video-preview:-1"},"canonical":"https:\/\/cdvbnord.com\/index.php\/volley-sante\/","og_locale":"fr_FR","og_type":"article","og_title":"VOLLEY SANT\u00c9 - Comit\u00e9 D\u00e9partemental Volley-Ball","og_url":"https:\/\/cdvbnord.com\/index.php\/volley-sante\/","og_site_name":"Comit\u00e9 D\u00e9partemental Volley-Ball","article_publisher":"https:\/\/www.facebook.com\/CDVBNord\/","article_modified_time":"2021-02-16T09:13:57+00:00","og_image":[{"url":"https:\/\/cdvbnord.com\/wp-content\/uploads\/2020\/10\/FFVB-Volley-Sante\u0301-768x675.jpg","type":"","width":"","height":""}],"twitter_card":"summary_large_image","twitter_misc":{"Dur\u00e9e de lecture estim\u00e9e":"1 minute"},"schema":{"@context":"https:\/\/schema.org","@graph":[{"@type":"WebPage","@id":"https:\/\/cdvbnord.com\/index.php\/volley-sante\/","url":"https:\/\/cdvbnord.com\/index.php\/volley-sante\/","name":"VOLLEY SANT\u00c9 - Comit\u00e9 D\u00e9partemental Volley-Ball","isPartOf":{"@id":"https:\/\/cdvbnord.com\/#website"},"datePublished":"2020-10-29T09:53:39+00:00","dateModified":"2021-02-16T09:13:57+00:00","breadcrumb":{"@id":"https:\/\/cdvbnord.com\/index.php\/volley-sante\/#breadcrumb"},"inLanguage":"fr-FR","potentialAction":[{"@type":"ReadAction","target":["https:\/\/cdvbnord.com\/index.php\/volley-sante\/"]}]},{"@type":"BreadcrumbList","@id":"https:\/\/cdvbnord.com\/index.php\/volley-sante\/#breadcrumb","itemListElement":[{"@type":"ListItem","position":1,"name":"Accueil","item":"https:\/\/cdvbnord.com\/"},{"@type":"ListItem","position":2,"name":"VOLLEY SANT\u00c9"}]},{"@type":"WebSite","@id":"https:\/\/cdvbnord.com\/#website","url":"https:\/\/cdvbnord.com\/","name":"Comit\u00e9 D\u00e9partemental Volley-Ball","description":"Un site utilisant WordPress","publisher":{"@id":"https:\/\/cdvbnord.com\/#organization"},"potentialAction":[{"@type":"SearchAction","target":{"@type":"EntryPoint","urlTemplate":"https:\/\/cdvbnord.com\/?s={search_term_string}"},"query-input":{"@type":"PropertyValueSpecification","valueRequired":true,"valueName":"search_term_string"}}],"inLanguage":"fr-FR"},{"@type":"Organization","@id":"https:\/\/cdvbnord.com\/#organization","name":"Comit\u00e9 D\u00e9partemental Volley-Ball","url":"https:\/\/cdvbnord.com\/","logo":{"@type":"ImageObject","inLanguage":"fr-FR","@id":"https:\/\/cdvbnord.com\/#\/schema\/logo\/image\/","url":"https:\/\/cdvbnord.com\/wp-content\/uploads\/2021\/04\/cropped-image003-1.png","contentUrl":"https:\/\/cdvbnord.com\/wp-content\/uploads\/2021\/04\/cropped-image003-1.png","width":768,"height":567,"caption":"Comit\u00e9 D\u00e9partemental Volley-Ball"},"image":{"@id":"https:\/\/cdvbnord.com\/#\/schema\/logo\/image\/"},"sameAs":["https:\/\/www.facebook.com\/CDVBNord\/"]}]}},"_links":{"self":[{"href":"https:\/\/cdvbnord.com\/index.php\/wp-json\/wp\/v2\/pages\/797","targetHints":{"allow":["GET"]}}],"collection":[{"href":"https:\/\/cdvbnord.com\/index.php\/wp-json\/wp\/v2\/pages"}],"about":[{"href":"https:\/\/cdvbnord.com\/index.php\/wp-json\/wp\/v2\/types\/page"}],"author":[{"embeddable":true,"href":"https:\/\/cdvbnord.com\/index.php\/wp-json\/wp\/v2\/users\/1"}],"replies":[{"embeddable":true,"href":"https:\/\/cdvbnord.com\/index.php\/wp-json\/wp\/v2\/comments?post=797"}],"version-history":[{"count":5,"href":"https:\/\/cdvbnord.com\/index.php\/wp-json\/wp\/v2\/pages\/797\/revisions"}],"predecessor-version":[{"id":1078,"href":"https:\/\/cdvbnord.com\/index.php\/wp-json\/wp\/v2\/pages\/797\/revisions\/1078"}],"wp:attachment":[{"href":"https:\/\/cdvbnord.com\/index.php\/wp-json\/wp\/v2\/media?parent=797"}],"curies":[{"name":"wp","href":"https:\/\/api.w.org\/{rel}","templated":true}]}}